{"id":42920,"date":"2025-06-20T03:19:04","date_gmt":"2025-06-20T03:19:04","guid":{"rendered":"https:\/\/www.worldfirst.com\/tr\/?page_id=42920"},"modified":"2025-06-20T06:06:55","modified_gmt":"2025-06-20T06:06:55","slug":"business-with-china","status":"publish","type":"page","link":"https:\/\/www.worldfirst.com\/tr\/blog\/business-with-china\/","title":{"rendered":"Business with China"},"content":{"rendered":"\t\t<div data-elementor-type=\"wp-page\" data-elementor-id=\"42920\" class=\"elementor elementor-42920\" data-elementor-post-type=\"page\">\n\t\t\t\t<div class=\"elementor-element elementor-element-71044def e-flex e-con-boxed e-con e-parent\" data-id=\"71044def\" data-element_type=\"container\" data-settings=\"{&quot;background_background&quot;:&quot;classic&quot;}\">\n\t\t\t\t\t<div class=\"e-con-inner\">\n\t\t\t\t<div class=\"elementor-element elementor-element-5dc8c324 elementor-widget elementor-widget-heading\" data-id=\"5dc8c324\" data-element_type=\"widget\" data-widget_type=\"heading.default\">\n\t\t\t\t<div class=\"elementor-widget-container\">\n\t\t\t<style>\/*! elementor - v3.23.0 - 15-07-2024 *\/\n.elementor-heading-title{padding:0;margin:0;line-height:1}.elementor-widget-heading .elementor-heading-title[class*=elementor-size-]>a{color:inherit;font-size:inherit;line-height:inherit}.elementor-widget-heading .elementor-heading-title.elementor-size-small{font-size:15px}.elementor-widget-heading .elementor-heading-title.elementor-size-medium{font-size:19px}.elementor-widget-heading .elementor-heading-title.elementor-size-large{font-size:29px}.elementor-widget-heading .elementor-heading-title.elementor-size-xl{font-size:39px}.elementor-widget-heading .elementor-heading-title.elementor-size-xxl{font-size:59px}<\/style><div class=\"elementor-heading-title elementor-size-default\">\u00c7in ile Ticaret Yapma Rehberleri<\/div>\t\t<\/div>\n\t\t\t\t<\/div>\n\t\t\t\t<div class=\"elementor-element elementor-element-432a4cf4 elementor-widget elementor-widget-text-editor\" data-id=\"432a4cf4\" data-element_type=\"widget\" data-widget_type=\"text-editor.default\">\n\t\t\t\t<div class=\"elementor-widget-container\">\n\t\t\t<style>\/*! elementor - v3.23.0 - 15-07-2024 *\/\n.elementor-widget-text-editor.elementor-drop-cap-view-stacked .elementor-drop-cap{background-color:#69727d;color:#fff}.elementor-widget-text-editor.elementor-drop-cap-view-framed .elementor-drop-cap{color:#69727d;border:3px solid;background-color:transparent}.elementor-widget-text-editor:not(.elementor-drop-cap-view-default) .elementor-drop-cap{margin-top:8px}.elementor-widget-text-editor:not(.elementor-drop-cap-view-default) .elementor-drop-cap-letter{width:1em;height:1em}.elementor-widget-text-editor .elementor-drop-cap{float:left;text-align:center;line-height:1;font-size:50px}.elementor-widget-text-editor .elementor-drop-cap-letter{display:inline-block}<\/style>\t\t\t\t<p>\u0130ster markan\u0131z\u0131 b\u00fcy\u00fctmek, ister \u00e7evrimi\u00e7i sat\u0131\u015flar\u0131n\u0131z\u0131 en \u00fcst d\u00fczeye \u00e7\u0131karmak veya i\u015finizi yeni bir b\u00f6lgeye<\/p><p>yaymak isteyin, WorldFirst&#8217;\u00fcn en son i\u00e7g\u00f6r\u00fcleri sizi bekliyor<\/p>\t\t\t\t\t\t<\/div>\n\t\t\t\t<\/div>\n\t\t\t\t\t<\/div>\n\t\t\t\t<\/div>\n\t\t<div class=\"elementor-element elementor-element-53f8f22d e-flex e-con-boxed e-con e-parent\" data-id=\"53f8f22d\" data-element_type=\"container\">\n\t\t\t\t\t<div class=\"e-con-inner\">\n\t\t\t\t<div class=\"elementor-element elementor-element-3a0341c elementor-widget elementor-widget-shortcode\" data-id=\"3a0341c\" data-element_type=\"widget\" data-widget_type=\"shortcode.default\">\n\t\t\t\t<div class=\"elementor-widget-container\">\n\t\t\t\t\t<div class=\"elementor-shortcode\"><div class=\"blogs_container\">\n                    <div class=\"blogs_item\">\n            <a href=\"https:\/\/www.worldfirst.com\/tr\/blog\/business-with-china\/how-to-build-a-profitable-business-model-by-importing-products-from-china\/\" class=\"blog_img_box\">\n                <img decoding=\"async\" src=\"https:\/\/cdn.marmot-cloud.com\/worldfirst\/sites\/47\/2025\/06\/20250620152420537-scaled.jpg\"\n                     alt=\"cover_img\" class=\"cover_img\" loading=\"lazy\">\n            <\/a>\n            <div class=\"blog_abstract\">\n                <h2>\n                    <a href=\"https:\/\/www.worldfirst.com\/tr\/blog\/business-with-china\/how-to-build-a-profitable-business-model-by-importing-products-from-china\/\">\u00c7in'den \u00dcr\u00fcn Getirmek: Karl\u0131 Bir \u0130\u015f Modeli Nas\u0131l Kurulur?<\/a>\n                <\/h2>\n                <p>\u00c7in'den \u00fcr\u00fcn temin etmek, do\u011fru stratejiler ve sa\u011flam bir tedarik zinciri y\u00f6netimi ile son derece karl\u0131 bir i\u015f modeline d\u00f6n\u00fc\u015febilir.<\/p>\n                <span>Jun \/ 2025<\/span>\n            <\/div>\n        <\/div>\n                    <div class=\"blogs_item\">\n            <a href=\"https:\/\/www.worldfirst.com\/tr\/blog\/business-with-china\/importing-products-from-china-a-beginners-guide\/\" class=\"blog_img_box\">\n                <img decoding=\"async\" src=\"https:\/\/cdn.marmot-cloud.com\/worldfirst\/sites\/47\/2025\/06\/20250612191027923.png\"\n                     alt=\"cover_img\" class=\"cover_img\" loading=\"lazy\">\n            <\/a>\n            <div class=\"blog_abstract\">\n                <h2>\n                    <a href=\"https:\/\/www.worldfirst.com\/tr\/blog\/business-with-china\/importing-products-from-china-a-beginners-guide\/\">\u00c7in\u2019den \u00dcr\u00fcn Getirenler \u0130\u00e7in: Ba\u015flang\u0131\u00e7 Rehberi<\/a>\n                <\/h2>\n                <p>\u00c7in\u2019den \u00fcr\u00fcn ithal etmek, do\u011fru tedarik\u00e7i se\u00e7imi, g\u00fcvenli \u00f6deme y\u00f6ntemleri ve etkili lojistik s\u00fcre\u00e7lerle m\u00fcmk\u00fcn olabilir.<\/p>\n                <span>Jun \/ 2025<\/span>\n            <\/div>\n        <\/div>\n                    <div class=\"blogs_item\">\n            <a href=\"https:\/\/www.worldfirst.com\/tr\/blog\/business-with-china\/a-profitable-business-model-importing-and-selling-products-from-china\/\" class=\"blog_img_box\">\n                <img decoding=\"async\" src=\"https:\/\/cdn.marmot-cloud.com\/worldfirst\/sites\/47\/2025\/06\/20250606193154782.jpg\"\n                     alt=\"cover_img\" class=\"cover_img\" loading=\"lazy\">\n            <\/a>\n            <div class=\"blog_abstract\">\n                <h2>\n                    <a href=\"https:\/\/www.worldfirst.com\/tr\/blog\/business-with-china\/a-profitable-business-model-importing-and-selling-products-from-china\/\">Karl\u0131 Bir \u0130\u015f Modeli: \u00c7in\u2019den \u00dcr\u00fcn Getirip Satmak<\/a>\n                <\/h2>\n                <p>\u00c7in\u2019den toptan \u00fcr\u00fcn al\u0131m\u0131, g\u00fcmr\u00fck i\u015flemleri ve sat\u0131\u015f stratejileri ile ilgili detayl\u0131 rehberimizi ke\u015ffedin!<\/p>\n                <span>Jun \/ 2025<\/span>\n            <\/div>\n        <\/div>\n    <\/div>\n<\/div>\n\t\t\t\t<\/div>\n\t\t\t\t<\/div>\n\t\t<div class=\"elementor-element elementor-element-193d7862 e-grid e-con-boxed e-con e-child\" data-id=\"193d7862\" data-element_type=\"container\">\n\t\t\t\t\t<div class=\"e-con-inner\">\n\t\t\t\t\t<\/div>\n\t\t\t\t<\/div>\n\t\t\t\t\t<\/div>\n\t\t\t\t<\/div>\n\t\t<div class=\"elementor-element elementor-element-780f6e24 e-flex e-con-boxed e-con e-parent\" data-id=\"780f6e24\" data-element_type=\"container\">\n\t\t\t\t\t<div class=\"e-con-inner\">\n\t\t<div class=\"elementor-element elementor-element-6040f858 e-flex e-con-boxed e-con e-child\" data-id=\"6040f858\" data-element_type=\"container\">\n\t\t\t\t\t<div class=\"e-con-inner\">\n\t\t\t\t<div class=\"elementor-element elementor-element-3a70a1bf elementor-widget elementor-widget-heading\" data-id=\"3a70a1bf\" data-element_type=\"widget\" data-widget_type=\"heading.default\">\n\t\t\t\t<div class=\"elementor-widget-container\">\n\t\t\t<div class=\"elementor-heading-title elementor-size-default\">WorldFirst'ten i\u015f deste\u011fi<\/div>\t\t<\/div>\n\t\t\t\t<\/div>\n\t\t<div class=\"elementor-element elementor-element-32fbab9b e-flex e-con-boxed e-con e-child\" data-id=\"32fbab9b\" data-element_type=\"container\">\n\t\t\t\t\t<div class=\"e-con-inner\">\n\t\t\t\t<div class=\"elementor-element elementor-element-1d186f2a elementor-widget elementor-widget-button\" data-id=\"1d186f2a\" data-element_type=\"widget\" data-widget_type=\"button.default\">\n\t\t\t\t<div class=\"elementor-widget-container\">\n\t\t\t\t\t<div class=\"elementor-button-wrapper\">\n\t\t\t<a class=\"elementor-button elementor-button-link elementor-size-sm\" href=\"https:\/\/www.worldfirst.com\/tr\/product\/collect\/get-paid-by-marketplaces\/\">\n\t\t\t\t\t\t<span class=\"elementor-button-content-wrapper\">\n\t\t\t\t\t\t\t\t\t<span class=\"elementor-button-text\">Pazar yerlerinden \u00f6deme al\u0131n<\/span>\n\t\t\t\t\t<\/span>\n\t\t\t\t\t<\/a>\n\t\t<\/div>\n\t\t\t\t<\/div>\n\t\t\t\t<\/div>\n\t\t\t\t<div class=\"elementor-element elementor-element-4ffbee27 elementor-hidden-desktop elementor-hidden-tablet elementor-hidden-mobile elementor-widget elementor-widget-button\" data-id=\"4ffbee27\" data-element_type=\"widget\" data-widget_type=\"button.default\">\n\t\t\t\t<div class=\"elementor-widget-container\">\n\t\t\t\t\t<div class=\"elementor-button-wrapper\">\n\t\t\t<a class=\"elementor-button elementor-button-link elementor-size-sm\" href=\"https:\/\/www.worldfirst.com\/sg\/forward-contracts\/\">\n\t\t\t\t\t\t<span class=\"elementor-button-content-wrapper\">\n\t\t\t\t\t\t\t\t\t<span class=\"elementor-button-text\">Forward contracts<\/span>\n\t\t\t\t\t<\/span>\n\t\t\t\t\t<\/a>\n\t\t<\/div>\n\t\t\t\t<\/div>\n\t\t\t\t<\/div>\n\t\t\t\t<div class=\"elementor-element elementor-element-5f43d56 elementor-widget elementor-widget-button\" data-id=\"5f43d56\" data-element_type=\"widget\" data-widget_type=\"button.default\">\n\t\t\t\t<div class=\"elementor-widget-container\">\n\t\t\t\t\t<div class=\"elementor-button-wrapper\">\n\t\t\t<a class=\"elementor-button elementor-button-link elementor-size-sm\" href=\"https:\/\/www.worldfirst.com\/tr\/product\/pay\/1688-world-pay\/\">\n\t\t\t\t\t\t<span class=\"elementor-button-content-wrapper\">\n\t\t\t\t\t\t\t\t\t<span class=\"elementor-button-text\">1688 tedarik\u00e7ilerine \u00f6deme yap\u0131n<\/span>\n\t\t\t\t\t<\/span>\n\t\t\t\t\t<\/a>\n\t\t<\/div>\n\t\t\t\t<\/div>\n\t\t\t\t<\/div>\n\t\t\t\t<div class=\"elementor-element elementor-element-2636e8b3 elementor-hidden-desktop elementor-hidden-tablet elementor-hidden-mobile elementor-widget elementor-widget-button\" data-id=\"2636e8b3\" data-element_type=\"widget\" data-widget_type=\"button.default\">\n\t\t\t\t<div class=\"elementor-widget-container\">\n\t\t\t\t\t<div class=\"elementor-button-wrapper\">\n\t\t\t<a class=\"elementor-button elementor-button-link elementor-size-sm\" href=\"https:\/\/www.worldfirst.com\/sg\/xero-integration\/\">\n\t\t\t\t\t\t<span class=\"elementor-button-content-wrapper\">\n\t\t\t\t\t\t\t\t\t<span class=\"elementor-button-text\">Xero integration<\/span>\n\t\t\t\t\t<\/span>\n\t\t\t\t\t<\/a>\n\t\t<\/div>\n\t\t\t\t<\/div>\n\t\t\t\t<\/div>\n\t\t\t\t\t<\/div>\n\t\t\t\t<\/div>\n\t\t\t\t\t<\/div>\n\t\t\t\t<\/div>\n\t\t\t\t\t<\/div>\n\t\t\t\t<\/div>\n\t\t<div class=\"elementor-element elementor-element-7aaf5d9f elementor-hidden-desktop elementor-hidden-tablet elementor-hidden-mobile e-flex e-con-boxed e-con e-parent\" data-id=\"7aaf5d9f\" data-element_type=\"container\">\n\t\t\t\t\t<div class=\"e-con-inner\">\n\t\t\t\t<div class=\"elementor-element elementor-element-214257f5 elementor-widget elementor-widget-heading\" data-id=\"214257f5\" data-element_type=\"widget\" data-widget_type=\"heading.default\">\n\t\t\t\t<div class=\"elementor-widget-container\">\n\t\t\t<div class=\"elementor-heading-title elementor-size-default\">Businesses trust WorldFirst<\/div>\t\t<\/div>\n\t\t\t\t<\/div>\n\t\t\t\t<div class=\"elementor-element elementor-element-2f957e04 elementor-widget__width-initial elementor-widget elementor-widget-text-editor\" data-id=\"2f957e04\" data-element_type=\"widget\" data-widget_type=\"text-editor.default\">\n\t\t\t\t<div class=\"elementor-widget-container\">\n\t\t\t\t\t\t\t<ul><li>Almost 1,000,000 businesses have sent USD$150B around the world with WorldFirst and its partner brands since 2004<\/li><li>Your money is safeguarded with leading financial institutions<\/li><\/ul>\t\t\t\t\t\t<\/div>\n\t\t\t\t<\/div>\n\t\t\t\t<div class=\"elementor-element elementor-element-729c34a1 elementor-widget elementor-widget-image\" data-id=\"729c34a1\" data-element_type=\"widget\" data-widget_type=\"image.default\">\n\t\t\t\t<div class=\"elementor-widget-container\">\n\t\t\t<style>\/*! elementor - v3.23.0 - 15-07-2024 *\/\n.elementor-widget-image{text-align:center}.elementor-widget-image a{display:inline-block}.elementor-widget-image a img[src$=\".svg\"]{width:48px}.elementor-widget-image img{vertical-align:middle;display:inline-block}<\/style>\t\t\t\t\t\t\t\t\t\t<img fetchpriority=\"high\" decoding=\"async\" width=\"800\" height=\"271\" src=\"https:\/\/mdn.marmot-cloud.com\/worldfirst\/sites\/47\/2024\/03\/20240326104849999-1024x347.png\" class=\"attachment-large size-large wp-image-31179\" alt=\"\" srcset=\"https:\/\/mdn.marmot-cloud.com\/worldfirst\/sites\/47\/2024\/03\/20240326104849999-1024x347.png 1024w, https:\/\/mdn.marmot-cloud.com\/worldfirst\/sites\/47\/2024\/03\/20240326104849999-300x102.png 300w, https:\/\/mdn.marmot-cloud.com\/worldfirst\/sites\/47\/2024\/03\/20240326104849999-768x260.png 768w, https:\/\/mdn.marmot-cloud.com\/worldfirst\/sites\/47\/2024\/03\/20240326104849999-1536x520.png 1536w, https:\/\/mdn.marmot-cloud.com\/worldfirst\/sites\/47\/2024\/03\/20240326104849999.png 1920w\" sizes=\"(max-width: 800px) 100vw, 800px\" \/>\t\t\t\t\t\t\t\t\t\t\t\t\t<\/div>\n\t\t\t\t<\/div>\n\t\t\t\t\t<\/div>\n\t\t\t\t<\/div>\n\t\t\t\t<\/div>\n\t\t","protected":false},"excerpt":{"rendered":"<p>\u00c7in ile Ticaret Yapma Rehberleri \u0130ster markan\u0131z\u0131 b\u00fcy\u00fctmek, ister \u00e7evrimi\u00e7i sat\u0131\u015flar\u0131n\u0131z\u0131 en \u00fcst d\u00fczeye \u00e7\u0131karmak veya i\u015finizi yeni bir b\u00f6lgeye yaymak isteyin, WorldFirst&#8217;\u00fcn en son i\u00e7g\u00f6r\u00fcleri sizi bekliyor WorldFirst&#8217;ten i\u015f deste\u011fi Pazar yerlerinden \u00f6deme al\u0131n Forward contracts 1688 tedarik\u00e7ilerine \u00f6deme yap\u0131n Xero integration Businesses trust WorldFirst Almost 1,000,000 businesses have sent USD$150B around the world [&hellip;]<\/p>\n","protected":false},"author":74,"featured_media":41367,"parent":31729,"menu_order":0,"comment_status":"closed","ping_status":"closed","template":"","meta":{"_acf_changed":false,"footnotes":""},"acf":[],"yoast_head":"<!-- This site is optimized with the Yoast SEO Premium plugin v24.2 (Yoast SEO v24.3) - https:\/\/yoast.com\/wordpress\/plugins\/seo\/ -->\n<title>Business with China | WorldFirst TR<\/title>\n<meta name=\"robots\" content=\"index, follow, max-snippet:-1, max-image-preview:large, max-video-preview:-1\" \/>\n<link rel=\"canonical\" href=\"https:\/\/www.worldfirst.com\/tr\/blog\/business-with-china\/\" \/>\n<meta property=\"og:locale\" content=\"tr_TR\" \/>\n<meta property=\"og:type\" content=\"article\" \/>\n<meta property=\"og:title\" content=\"Business with China\" \/>\n<meta property=\"og:description\" content=\"\u00c7in ile Ticaret Yapma Rehberleri \u0130ster markan\u0131z\u0131 b\u00fcy\u00fctmek, ister \u00e7evrimi\u00e7i sat\u0131\u015flar\u0131n\u0131z\u0131 en \u00fcst d\u00fczeye \u00e7\u0131karmak veya i\u015finizi yeni bir b\u00f6lgeye yaymak isteyin, WorldFirst&#8217;\u00fcn en son i\u00e7g\u00f6r\u00fcleri sizi bekliyor WorldFirst&#8217;ten i\u015f deste\u011fi Pazar yerlerinden \u00f6deme al\u0131n Forward contracts 1688 tedarik\u00e7ilerine \u00f6deme yap\u0131n Xero integration Businesses trust WorldFirst Almost 1,000,000 businesses have sent USD$150B around the world [&hellip;]\" \/>\n<meta property=\"og:url\" content=\"https:\/\/www.worldfirst.com\/tr\/blog\/business-with-china\/\" \/>\n<meta property=\"og:site_name\" content=\"WorldFirst TR\" \/>\n<meta property=\"article:modified_time\" content=\"2025-06-20T06:06:55+00:00\" \/>\n<meta property=\"og:image\" content=\"https:\/\/mdn.marmot-cloud.com\/worldfirst\/sites\/47\/2025\/02\/20250226063502533.png\" \/>\n\t<meta property=\"og:image:width\" content=\"1360\" \/>\n\t<meta property=\"og:image:height\" content=\"1360\" \/>\n\t<meta property=\"og:image:type\" content=\"image\/png\" \/>\n<meta name=\"twitter:card\" content=\"summary_large_image\" \/>\n<meta name=\"twitter:label1\" content=\"Est. reading time\" \/>\n\t<meta name=\"twitter:data1\" content=\"1 minute\" \/>\n<script type=\"application\/ld+json\" class=\"yoast-schema-graph\">{\"@context\":\"https:\/\/schema.org\",\"@graph\":[{\"@type\":\"WebPage\",\"@id\":\"https:\/\/www.worldfirst.com\/tr\/blog\/business-with-china\/\",\"url\":\"https:\/\/www.worldfirst.com\/tr\/blog\/business-with-china\/\",\"name\":\"Business with China | WorldFirst TR\",\"isPartOf\":{\"@id\":\"https:\/\/www.worldfirst.com\/tr\/#website\"},\"primaryImageOfPage\":{\"@id\":\"https:\/\/www.worldfirst.com\/tr\/blog\/business-with-china\/#primaryimage\"},\"image\":{\"@id\":\"https:\/\/www.worldfirst.com\/tr\/blog\/business-with-china\/#primaryimage\"},\"thumbnailUrl\":\"https:\/\/mdn.marmot-cloud.com\/worldfirst\/sites\/47\/2025\/02\/20250226063502533.png\",\"datePublished\":\"2025-06-20T03:19:04+00:00\",\"dateModified\":\"2025-06-20T06:06:55+00:00\",\"breadcrumb\":{\"@id\":\"https:\/\/www.worldfirst.com\/tr\/blog\/business-with-china\/#breadcrumb\"},\"inLanguage\":\"en-US\",\"potentialAction\":[{\"@type\":\"ReadAction\",\"target\":[\"https:\/\/www.worldfirst.com\/tr\/blog\/business-with-china\/\"]}]},{\"@type\":\"ImageObject\",\"inLanguage\":\"en-US\",\"@id\":\"https:\/\/www.worldfirst.com\/tr\/blog\/business-with-china\/#primaryimage\",\"url\":\"https:\/\/mdn.marmot-cloud.com\/worldfirst\/sites\/47\/2025\/02\/20250226063502533.png\",\"contentUrl\":\"https:\/\/mdn.marmot-cloud.com\/worldfirst\/sites\/47\/2025\/02\/20250226063502533.png\",\"width\":1360,\"height\":1360},{\"@type\":\"BreadcrumbList\",\"@id\":\"https:\/\/www.worldfirst.com\/tr\/blog\/business-with-china\/#breadcrumb\",\"itemListElement\":[{\"@type\":\"ListItem\",\"position\":1,\"name\":\"Home\",\"item\":\"https:\/\/www.worldfirst.com\/tr\/\"},{\"@type\":\"ListItem\",\"position\":2,\"name\":\"WorldFirst&#8217;ten i\u00e7g\u00f6r\u00fcler\",\"item\":\"https:\/\/www.worldfirst.com\/tr\/blog\/\"},{\"@type\":\"ListItem\",\"position\":3,\"name\":\"Business with China\"}]},{\"@type\":\"WebSite\",\"@id\":\"https:\/\/www.worldfirst.com\/tr\/#website\",\"url\":\"https:\/\/www.worldfirst.com\/tr\/\",\"name\":\"WorldFirst TR\",\"description\":\"\",\"publisher\":{\"@id\":\"https:\/\/www.worldfirst.com\/tr\/#organization\"},\"alternateName\":\"WorldFirst\",\"potentialAction\":[{\"@type\":\"SearchAction\",\"target\":{\"@type\":\"EntryPoint\",\"urlTemplate\":\"https:\/\/www.worldfirst.com\/tr\/?s={search_term_string}\"},\"query-input\":{\"@type\":\"PropertyValueSpecification\",\"valueRequired\":true,\"valueName\":\"search_term_string\"}}],\"inLanguage\":\"en-US\"},{\"@type\":\"Organization\",\"@id\":\"https:\/\/www.worldfirst.com\/tr\/#organization\",\"name\":\"WorldFirst TR\",\"url\":\"https:\/\/www.worldfirst.com\/tr\/\",\"logo\":{\"@type\":\"ImageObject\",\"inLanguage\":\"en-US\",\"@id\":\"https:\/\/www.worldfirst.com\/tr\/#\/schema\/logo\/image\/\",\"url\":\"https:\/\/mdn.marmot-cloud.com\/worldfirst\/sites\/47\/2023\/07\/20260312152500991.webp\",\"contentUrl\":\"https:\/\/mdn.marmot-cloud.com\/worldfirst\/sites\/47\/2023\/07\/20260312152500991.webp\",\"width\":1512,\"height\":207,\"caption\":\"WorldFirst TR\"},\"image\":{\"@id\":\"https:\/\/www.worldfirst.com\/tr\/#\/schema\/logo\/image\/\"}}]}<\/script>\n<!-- \/ Yoast SEO Premium plugin. -->","yoast_head_json":{"title":"Business with China | WorldFirst TR","robots":{"index":"index","follow":"follow","max-snippet":"max-snippet:-1","max-image-preview":"max-image-preview:large","max-video-preview":"max-video-preview:-1"},"canonical":"https:\/\/www.worldfirst.com\/tr\/blog\/business-with-china\/","og_locale":"tr_TR","og_type":"article","og_title":"Business with China","og_description":"\u00c7in ile Ticaret Yapma Rehberleri \u0130ster markan\u0131z\u0131 b\u00fcy\u00fctmek, ister \u00e7evrimi\u00e7i sat\u0131\u015flar\u0131n\u0131z\u0131 en \u00fcst d\u00fczeye \u00e7\u0131karmak veya i\u015finizi yeni bir b\u00f6lgeye yaymak isteyin, WorldFirst&#8217;\u00fcn en son i\u00e7g\u00f6r\u00fcleri sizi bekliyor WorldFirst&#8217;ten i\u015f deste\u011fi Pazar yerlerinden \u00f6deme al\u0131n Forward contracts 1688 tedarik\u00e7ilerine \u00f6deme yap\u0131n Xero integration Businesses trust WorldFirst Almost 1,000,000 businesses have sent USD$150B around the world [&hellip;]","og_url":"https:\/\/www.worldfirst.com\/tr\/blog\/business-with-china\/","og_site_name":"WorldFirst TR","article_modified_time":"2025-06-20T06:06:55+00:00","og_image":[{"width":1360,"height":1360,"url":"https:\/\/mdn.marmot-cloud.com\/worldfirst\/sites\/47\/2025\/02\/20250226063502533.png","type":"image\/png"}],"twitter_card":"summary_large_image","twitter_misc":{"Est. reading time":"1 minute"},"schema":{"@context":"https:\/\/schema.org","@graph":[{"@type":"WebPage","@id":"https:\/\/www.worldfirst.com\/tr\/blog\/business-with-china\/","url":"https:\/\/www.worldfirst.com\/tr\/blog\/business-with-china\/","name":"Business with China | WorldFirst TR","isPartOf":{"@id":"https:\/\/www.worldfirst.com\/tr\/#website"},"primaryImageOfPage":{"@id":"https:\/\/www.worldfirst.com\/tr\/blog\/business-with-china\/#primaryimage"},"image":{"@id":"https:\/\/www.worldfirst.com\/tr\/blog\/business-with-china\/#primaryimage"},"thumbnailUrl":"https:\/\/mdn.marmot-cloud.com\/worldfirst\/sites\/47\/2025\/02\/20250226063502533.png","datePublished":"2025-06-20T03:19:04+00:00","dateModified":"2025-06-20T06:06:55+00:00","breadcrumb":{"@id":"https:\/\/www.worldfirst.com\/tr\/blog\/business-with-china\/#breadcrumb"},"inLanguage":"en-US","potentialAction":[{"@type":"ReadAction","target":["https:\/\/www.worldfirst.com\/tr\/blog\/business-with-china\/"]}]},{"@type":"ImageObject","inLanguage":"en-US","@id":"https:\/\/www.worldfirst.com\/tr\/blog\/business-with-china\/#primaryimage","url":"https:\/\/mdn.marmot-cloud.com\/worldfirst\/sites\/47\/2025\/02\/20250226063502533.png","contentUrl":"https:\/\/mdn.marmot-cloud.com\/worldfirst\/sites\/47\/2025\/02\/20250226063502533.png","width":1360,"height":1360},{"@type":"BreadcrumbList","@id":"https:\/\/www.worldfirst.com\/tr\/blog\/business-with-china\/#breadcrumb","itemListElement":[{"@type":"ListItem","position":1,"name":"Home","item":"https:\/\/www.worldfirst.com\/tr\/"},{"@type":"ListItem","position":2,"name":"WorldFirst&#8217;ten i\u00e7g\u00f6r\u00fcler","item":"https:\/\/www.worldfirst.com\/tr\/blog\/"},{"@type":"ListItem","position":3,"name":"Business with China"}]},{"@type":"WebSite","@id":"https:\/\/www.worldfirst.com\/tr\/#website","url":"https:\/\/www.worldfirst.com\/tr\/","name":"WorldFirst TR","description":"","publisher":{"@id":"https:\/\/www.worldfirst.com\/tr\/#organization"},"alternateName":"WorldFirst","potentialAction":[{"@type":"SearchAction","target":{"@type":"EntryPoint","urlTemplate":"https:\/\/www.worldfirst.com\/tr\/?s={search_term_string}"},"query-input":{"@type":"PropertyValueSpecification","valueRequired":true,"valueName":"search_term_string"}}],"inLanguage":"en-US"},{"@type":"Organization","@id":"https:\/\/www.worldfirst.com\/tr\/#organization","name":"WorldFirst TR","url":"https:\/\/www.worldfirst.com\/tr\/","logo":{"@type":"ImageObject","inLanguage":"en-US","@id":"https:\/\/www.worldfirst.com\/tr\/#\/schema\/logo\/image\/","url":"https:\/\/mdn.marmot-cloud.com\/worldfirst\/sites\/47\/2023\/07\/20260312152500991.webp","contentUrl":"https:\/\/mdn.marmot-cloud.com\/worldfirst\/sites\/47\/2023\/07\/20260312152500991.webp","width":1512,"height":207,"caption":"WorldFirst TR"},"image":{"@id":"https:\/\/www.worldfirst.com\/tr\/#\/schema\/logo\/image\/"}}]}},"_links":{"self":[{"href":"https:\/\/www.worldfirst.com\/tr\/wp-json\/wp\/v2\/pages\/42920"}],"collection":[{"href":"https:\/\/www.worldfirst.com\/tr\/wp-json\/wp\/v2\/pages"}],"about":[{"href":"https:\/\/www.worldfirst.com\/tr\/wp-json\/wp\/v2\/types\/page"}],"author":[{"embeddable":true,"href":"https:\/\/www.worldfirst.com\/tr\/wp-json\/wp\/v2\/users\/74"}],"replies":[{"embeddable":true,"href":"https:\/\/www.worldfirst.com\/tr\/wp-json\/wp\/v2\/comments?post=42920"}],"version-history":[{"count":10,"href":"https:\/\/www.worldfirst.com\/tr\/wp-json\/wp\/v2\/pages\/42920\/revisions"}],"predecessor-version":[{"id":42938,"href":"https:\/\/www.worldfirst.com\/tr\/wp-json\/wp\/v2\/pages\/42920\/revisions\/42938"}],"up":[{"embeddable":true,"href":"https:\/\/www.worldfirst.com\/tr\/wp-json\/wp\/v2\/pages\/31729"}],"wp:featuredmedia":[{"embeddable":true,"href":"https:\/\/www.worldfirst.com\/tr\/wp-json\/wp\/v2\/media\/41367"}],"wp:attachment":[{"href":"https:\/\/www.worldfirst.com\/tr\/wp-json\/wp\/v2\/media?parent=42920"}],"curies":[{"name":"wp","href":"https:\/\/api.w.org\/{rel}","templated":true}]}}