{"id":42752,"date":"2025-05-23T08:51:35","date_gmt":"2025-05-23T08:51:35","guid":{"rendered":"https:\/\/www.worldfirst.com\/tr\/?page_id=42752"},"modified":"2025-05-23T09:38:13","modified_gmt":"2025-05-23T09:38:13","slug":"global-business","status":"publish","type":"page","link":"https:\/\/www.worldfirst.com\/tr\/blog\/global-business\/","title":{"rendered":"K\u00fcresel \u0130\u015f Geni\u015fletme Rehberleri"},"content":{"rendered":"\t\t<div data-elementor-type=\"wp-page\" data-elementor-id=\"42752\" class=\"elementor elementor-42752\" data-elementor-post-type=\"page\">\n\t\t\t\t<div class=\"elementor-element elementor-element-35fa24c4 e-flex e-con-boxed e-con e-parent\" data-id=\"35fa24c4\" data-element_type=\"container\" data-settings=\"{&quot;background_background&quot;:&quot;classic&quot;}\">\n\t\t\t\t\t<div class=\"e-con-inner\">\n\t\t\t\t<div class=\"elementor-element elementor-element-53d6e34d elementor-widget elementor-widget-heading\" data-id=\"53d6e34d\" data-element_type=\"widget\" data-widget_type=\"heading.default\">\n\t\t\t\t<div class=\"elementor-widget-container\">\n\t\t\t<style>\/*! elementor - v3.23.0 - 15-07-2024 *\/\n.elementor-heading-title{padding:0;margin:0;line-height:1}.elementor-widget-heading .elementor-heading-title[class*=elementor-size-]>a{color:inherit;font-size:inherit;line-height:inherit}.elementor-widget-heading .elementor-heading-title.elementor-size-small{font-size:15px}.elementor-widget-heading .elementor-heading-title.elementor-size-medium{font-size:19px}.elementor-widget-heading .elementor-heading-title.elementor-size-large{font-size:29px}.elementor-widget-heading .elementor-heading-title.elementor-size-xl{font-size:39px}.elementor-widget-heading .elementor-heading-title.elementor-size-xxl{font-size:59px}<\/style><div class=\"elementor-heading-title elementor-size-default\">K\u00fcresel \u0130\u015f Geni\u015fletme Rehberleri<\/div>\t\t<\/div>\n\t\t\t\t<\/div>\n\t\t\t\t<div class=\"elementor-element elementor-element-5f097751 elementor-widget elementor-widget-text-editor\" data-id=\"5f097751\" data-element_type=\"widget\" data-widget_type=\"text-editor.default\">\n\t\t\t\t<div class=\"elementor-widget-container\">\n\t\t\t<style>\/*! elementor - v3.23.0 - 15-07-2024 *\/\n.elementor-widget-text-editor.elementor-drop-cap-view-stacked .elementor-drop-cap{background-color:#69727d;color:#fff}.elementor-widget-text-editor.elementor-drop-cap-view-framed .elementor-drop-cap{color:#69727d;border:3px solid;background-color:transparent}.elementor-widget-text-editor:not(.elementor-drop-cap-view-default) .elementor-drop-cap{margin-top:8px}.elementor-widget-text-editor:not(.elementor-drop-cap-view-default) .elementor-drop-cap-letter{width:1em;height:1em}.elementor-widget-text-editor .elementor-drop-cap{float:left;text-align:center;line-height:1;font-size:50px}.elementor-widget-text-editor .elementor-drop-cap-letter{display:inline-block}<\/style>\t\t\t\t<p>\u0130\u015finizi yeni pazarlara geni\u015fletin ve kapsaml\u0131 rehberlerimizle uluslararas\u0131 geni\u015flemeyi nas\u0131l ba\u015far\u0131ya d\u00f6n\u00fc\u015ft\u00fcrebilece\u011finizi ke\u015ffedin.<\/p>\t\t\t\t\t\t<\/div>\n\t\t\t\t<\/div>\n\t\t\t\t\t<\/div>\n\t\t\t\t<\/div>\n\t\t<div class=\"elementor-element elementor-element-7d23f80c e-flex e-con-boxed e-con e-parent\" data-id=\"7d23f80c\" data-element_type=\"container\">\n\t\t\t\t\t<div class=\"e-con-inner\">\n\t\t\t\t<div class=\"elementor-element elementor-element-238ad7f5 elementor-widget elementor-widget-shortcode\" data-id=\"238ad7f5\" data-element_type=\"widget\" data-widget_type=\"shortcode.default\">\n\t\t\t\t<div class=\"elementor-widget-container\">\n\t\t\t\t\t<div class=\"elementor-shortcode\"><div class=\"blogs_container\">\n                    <div class=\"blogs_item\">\n            <a href=\"https:\/\/www.worldfirst.com\/tr\/blog\/global-business\/selling-on-amazon-in-the-usa-and-effective-payment-solutions\/\" class=\"blog_img_box\">\n                <img decoding=\"async\" src=\"https:\/\/cdn.marmot-cloud.com\/worldfirst\/sites\/47\/2025\/05\/20250522141751153-scaled.jpg\"\n                     alt=\"cover_img\" class=\"cover_img\" loading=\"lazy\">\n            <\/a>\n            <div class=\"blog_abstract\">\n                <h2>\n                    <a href=\"https:\/\/www.worldfirst.com\/tr\/blog\/global-business\/selling-on-amazon-in-the-usa-and-effective-payment-solutions\/\">Amazon \u00dczerinden Amerika\u2019ya Sat\u0131\u015f Yapmak ve Etkili \u00d6deme \u00c7\u00f6z\u00fcmleri<\/a>\n                <\/h2>\n                <p>T\u00fcrkiye'den Amerika'ya a\u00e7\u0131lmak isteyen giri\u015fimciler i\u00e7in Amazon, do\u011fru stratejiyle gelir elde etmenin ve k\u00fcresel pazarda yer edinmenin m\u00fckemmel bir yolu olabilir.<\/p>\n                <span>May \/ 2025<\/span>\n            <\/div>\n        <\/div>\n    <\/div>\n<\/div>\n\t\t\t\t<\/div>\n\t\t\t\t<\/div>\n\t\t<div class=\"elementor-element elementor-element-39d5092 e-grid e-con-boxed e-con e-child\" data-id=\"39d5092\" data-element_type=\"container\">\n\t\t\t\t\t<div class=\"e-con-inner\">\n\t\t\t\t\t<\/div>\n\t\t\t\t<\/div>\n\t\t\t\t\t<\/div>\n\t\t\t\t<\/div>\n\t\t<div class=\"elementor-element elementor-element-36c43ff2 e-flex e-con-boxed e-con e-parent\" data-id=\"36c43ff2\" data-element_type=\"container\">\n\t\t\t\t\t<div class=\"e-con-inner\">\n\t\t<div class=\"elementor-element elementor-element-8ed5554 e-con-full e-flex e-con e-child\" data-id=\"8ed5554\" data-element_type=\"container\">\n\t\t\t\t<div class=\"elementor-element elementor-element-71a49b0 elementor-widget elementor-widget-heading\" data-id=\"71a49b0\" data-element_type=\"widget\" data-widget_type=\"heading.default\">\n\t\t\t\t<div class=\"elementor-widget-container\">\n\t\t\t<div class=\"elementor-heading-title elementor-size-default\">WorldFirst'ten i\u015f deste\u011fi<\/div>\t\t<\/div>\n\t\t\t\t<\/div>\n\t\t<div class=\"elementor-element elementor-element-1fb32dc e-flex e-con-boxed e-con e-child\" data-id=\"1fb32dc\" data-element_type=\"container\">\n\t\t\t\t\t<div class=\"e-con-inner\">\n\t\t\t\t<div class=\"elementor-element elementor-element-8a2e1dc elementor-widget elementor-widget-button\" data-id=\"8a2e1dc\" data-element_type=\"widget\" data-widget_type=\"button.default\">\n\t\t\t\t<div class=\"elementor-widget-container\">\n\t\t\t\t\t<div class=\"elementor-button-wrapper\">\n\t\t\t<a class=\"elementor-button elementor-button-link elementor-size-sm\" href=\"https:\/\/www.worldfirst.com\/tr\/product\/collect\/get-paid-by-marketplaces\/\">\n\t\t\t\t\t\t<span class=\"elementor-button-content-wrapper\">\n\t\t\t\t\t\t\t\t\t<span class=\"elementor-button-text\">Pazar yerlerinden \u00f6deme al\u0131n<\/span>\n\t\t\t\t\t<\/span>\n\t\t\t\t\t<\/a>\n\t\t<\/div>\n\t\t\t\t<\/div>\n\t\t\t\t<\/div>\n\t\t\t\t<div class=\"elementor-element elementor-element-90b1800 elementor-hidden-desktop elementor-hidden-tablet elementor-hidden-mobile elementor-widget elementor-widget-button\" data-id=\"90b1800\" data-element_type=\"widget\" data-widget_type=\"button.default\">\n\t\t\t\t<div class=\"elementor-widget-container\">\n\t\t\t\t\t<div class=\"elementor-button-wrapper\">\n\t\t\t<a class=\"elementor-button elementor-button-link elementor-size-sm\" href=\"https:\/\/www.worldfirst.com\/sg\/forward-contracts\/\">\n\t\t\t\t\t\t<span class=\"elementor-button-content-wrapper\">\n\t\t\t\t\t\t\t\t\t<span class=\"elementor-button-text\">Forward contracts<\/span>\n\t\t\t\t\t<\/span>\n\t\t\t\t\t<\/a>\n\t\t<\/div>\n\t\t\t\t<\/div>\n\t\t\t\t<\/div>\n\t\t\t\t<div class=\"elementor-element elementor-element-7c8e1f4 elementor-widget elementor-widget-button\" data-id=\"7c8e1f4\" data-element_type=\"widget\" data-widget_type=\"button.default\">\n\t\t\t\t<div class=\"elementor-widget-container\">\n\t\t\t\t\t<div class=\"elementor-button-wrapper\">\n\t\t\t<a class=\"elementor-button elementor-button-link elementor-size-sm\" href=\"https:\/\/www.worldfirst.com\/tr\/product\/pay\/1688-world-pay\/\">\n\t\t\t\t\t\t<span class=\"elementor-button-content-wrapper\">\n\t\t\t\t\t\t\t\t\t<span class=\"elementor-button-text\">1688 tedarik\u00e7ilerine \u00f6deme yap\u0131n<\/span>\n\t\t\t\t\t<\/span>\n\t\t\t\t\t<\/a>\n\t\t<\/div>\n\t\t\t\t<\/div>\n\t\t\t\t<\/div>\n\t\t\t\t<div class=\"elementor-element elementor-element-16ceab9 elementor-hidden-desktop elementor-hidden-tablet elementor-hidden-mobile elementor-widget elementor-widget-button\" data-id=\"16ceab9\" data-element_type=\"widget\" data-widget_type=\"button.default\">\n\t\t\t\t<div class=\"elementor-widget-container\">\n\t\t\t\t\t<div class=\"elementor-button-wrapper\">\n\t\t\t<a class=\"elementor-button elementor-button-link elementor-size-sm\" href=\"https:\/\/www.worldfirst.com\/sg\/xero-integration\/\">\n\t\t\t\t\t\t<span class=\"elementor-button-content-wrapper\">\n\t\t\t\t\t\t\t\t\t<span class=\"elementor-button-text\">Xero integration<\/span>\n\t\t\t\t\t<\/span>\n\t\t\t\t\t<\/a>\n\t\t<\/div>\n\t\t\t\t<\/div>\n\t\t\t\t<\/div>\n\t\t\t\t\t<\/div>\n\t\t\t\t<\/div>\n\t\t\t\t<\/div>\n\t\t\t\t\t<\/div>\n\t\t\t\t<\/div>\n\t\t<div class=\"elementor-element elementor-element-1c034565 elementor-hidden-desktop elementor-hidden-tablet elementor-hidden-mobile e-flex e-con-boxed e-con e-parent\" data-id=\"1c034565\" data-element_type=\"container\">\n\t\t\t\t\t<div class=\"e-con-inner\">\n\t\t\t\t<div class=\"elementor-element elementor-element-54cf69 elementor-widget elementor-widget-heading\" data-id=\"54cf69\" data-element_type=\"widget\" data-widget_type=\"heading.default\">\n\t\t\t\t<div class=\"elementor-widget-container\">\n\t\t\t<div class=\"elementor-heading-title elementor-size-default\">Businesses trust WorldFirst<\/div>\t\t<\/div>\n\t\t\t\t<\/div>\n\t\t\t\t<div class=\"elementor-element elementor-element-719ec88 elementor-widget__width-initial elementor-widget elementor-widget-text-editor\" data-id=\"719ec88\" data-element_type=\"widget\" data-widget_type=\"text-editor.default\">\n\t\t\t\t<div class=\"elementor-widget-container\">\n\t\t\t\t\t\t\t<ul><li>Almost 1,000,000 businesses have sent USD$150B around the world with WorldFirst and its partner brands since 2004<\/li><li>Your money is safeguarded with leading financial institutions<\/li><\/ul>\t\t\t\t\t\t<\/div>\n\t\t\t\t<\/div>\n\t\t\t\t<div class=\"elementor-element elementor-element-6c0d5086 elementor-widget elementor-widget-image\" data-id=\"6c0d5086\" data-element_type=\"widget\" data-widget_type=\"image.default\">\n\t\t\t\t<div class=\"elementor-widget-container\">\n\t\t\t<style>\/*! elementor - v3.23.0 - 15-07-2024 *\/\n.elementor-widget-image{text-align:center}.elementor-widget-image a{display:inline-block}.elementor-widget-image a img[src$=\".svg\"]{width:48px}.elementor-widget-image img{vertical-align:middle;display:inline-block}<\/style>\t\t\t\t\t\t\t\t\t\t<img fetchpriority=\"high\" decoding=\"async\" width=\"800\" height=\"271\" src=\"https:\/\/mdn.marmot-cloud.com\/worldfirst\/sites\/47\/2024\/03\/20240326104849999-1024x347.png\" class=\"attachment-large size-large wp-image-31179\" alt=\"\" srcset=\"https:\/\/mdn.marmot-cloud.com\/worldfirst\/sites\/47\/2024\/03\/20240326104849999-1024x347.png 1024w, https:\/\/mdn.marmot-cloud.com\/worldfirst\/sites\/47\/2024\/03\/20240326104849999-300x102.png 300w, https:\/\/mdn.marmot-cloud.com\/worldfirst\/sites\/47\/2024\/03\/20240326104849999-768x260.png 768w, https:\/\/mdn.marmot-cloud.com\/worldfirst\/sites\/47\/2024\/03\/20240326104849999-1536x520.png 1536w, https:\/\/mdn.marmot-cloud.com\/worldfirst\/sites\/47\/2024\/03\/20240326104849999.png 1920w\" sizes=\"(max-width: 800px) 100vw, 800px\" \/>\t\t\t\t\t\t\t\t\t\t\t\t\t<\/div>\n\t\t\t\t<\/div>\n\t\t\t\t\t<\/div>\n\t\t\t\t<\/div>\n\t\t\t\t<\/div>\n\t\t","protected":false},"excerpt":{"rendered":"<p>K\u00fcresel \u0130\u015f Geni\u015fletme Rehberleri \u0130\u015finizi yeni pazarlara geni\u015fletin ve kapsaml\u0131 rehberlerimizle uluslararas\u0131 geni\u015flemeyi nas\u0131l ba\u015far\u0131ya d\u00f6n\u00fc\u015ft\u00fcrebilece\u011finizi ke\u015ffedin. WorldFirst&#8217;ten i\u015f deste\u011fi Pazar yerlerinden \u00f6deme al\u0131n Forward contracts 1688 tedarik\u00e7ilerine \u00f6deme yap\u0131n Xero integration Businesses trust WorldFirst Almost 1,000,000 businesses have sent USD$150B around the world with WorldFirst and its partner brands since 2004 Your money is [&hellip;]<\/p>\n","protected":false},"author":74,"featured_media":41367,"parent":31729,"menu_order":0,"comment_status":"closed","ping_status":"closed","template":"","meta":{"_acf_changed":false,"footnotes":""},"acf":[],"yoast_head":"<!-- This site is optimized with the Yoast SEO Premium plugin v24.2 (Yoast SEO v24.3) - https:\/\/yoast.com\/wordpress\/plugins\/seo\/ -->\n<title>K\u00fcresel \u0130\u015f Geni\u015fletme Rehberleri | WorldFirst TR<\/title>\n<meta name=\"robots\" content=\"index, follow, max-snippet:-1, max-image-preview:large, max-video-preview:-1\" \/>\n<link rel=\"canonical\" href=\"https:\/\/www.worldfirst.com\/tr\/blog\/global-business\/\" \/>\n<meta property=\"og:locale\" content=\"tr_TR\" \/>\n<meta property=\"og:type\" content=\"article\" \/>\n<meta property=\"og:title\" content=\"K\u00fcresel \u0130\u015f Geni\u015fletme Rehberleri\" \/>\n<meta property=\"og:description\" content=\"K\u00fcresel \u0130\u015f Geni\u015fletme Rehberleri \u0130\u015finizi yeni pazarlara geni\u015fletin ve kapsaml\u0131 rehberlerimizle uluslararas\u0131 geni\u015flemeyi nas\u0131l ba\u015far\u0131ya d\u00f6n\u00fc\u015ft\u00fcrebilece\u011finizi ke\u015ffedin. WorldFirst&#8217;ten i\u015f deste\u011fi Pazar yerlerinden \u00f6deme al\u0131n Forward contracts 1688 tedarik\u00e7ilerine \u00f6deme yap\u0131n Xero integration Businesses trust WorldFirst Almost 1,000,000 businesses have sent USD$150B around the world with WorldFirst and its partner brands since 2004 Your money is [&hellip;]\" \/>\n<meta property=\"og:url\" content=\"https:\/\/www.worldfirst.com\/tr\/blog\/global-business\/\" \/>\n<meta property=\"og:site_name\" content=\"WorldFirst TR\" \/>\n<meta property=\"article:modified_time\" content=\"2025-05-23T09:38:13+00:00\" \/>\n<meta property=\"og:image\" content=\"https:\/\/mdn.marmot-cloud.com\/worldfirst\/sites\/47\/2025\/02\/20250226063502533.png\" \/>\n\t<meta property=\"og:image:width\" content=\"1360\" \/>\n\t<meta property=\"og:image:height\" content=\"1360\" \/>\n\t<meta property=\"og:image:type\" content=\"image\/png\" \/>\n<meta name=\"twitter:card\" content=\"summary_large_image\" \/>\n<meta name=\"twitter:label1\" content=\"Est. reading time\" \/>\n\t<meta name=\"twitter:data1\" content=\"1 minute\" \/>\n<script type=\"application\/ld+json\" class=\"yoast-schema-graph\">{\"@context\":\"https:\/\/schema.org\",\"@graph\":[{\"@type\":\"WebPage\",\"@id\":\"https:\/\/www.worldfirst.com\/tr\/blog\/global-business\/\",\"url\":\"https:\/\/www.worldfirst.com\/tr\/blog\/global-business\/\",\"name\":\"K\u00fcresel \u0130\u015f Geni\u015fletme Rehberleri | WorldFirst TR\",\"isPartOf\":{\"@id\":\"https:\/\/www.worldfirst.com\/tr\/#website\"},\"primaryImageOfPage\":{\"@id\":\"https:\/\/www.worldfirst.com\/tr\/blog\/global-business\/#primaryimage\"},\"image\":{\"@id\":\"https:\/\/www.worldfirst.com\/tr\/blog\/global-business\/#primaryimage\"},\"thumbnailUrl\":\"https:\/\/mdn.marmot-cloud.com\/worldfirst\/sites\/47\/2025\/02\/20250226063502533.png\",\"datePublished\":\"2025-05-23T08:51:35+00:00\",\"dateModified\":\"2025-05-23T09:38:13+00:00\",\"breadcrumb\":{\"@id\":\"https:\/\/www.worldfirst.com\/tr\/blog\/global-business\/#breadcrumb\"},\"inLanguage\":\"en-US\",\"potentialAction\":[{\"@type\":\"ReadAction\",\"target\":[\"https:\/\/www.worldfirst.com\/tr\/blog\/global-business\/\"]}]},{\"@type\":\"ImageObject\",\"inLanguage\":\"en-US\",\"@id\":\"https:\/\/www.worldfirst.com\/tr\/blog\/global-business\/#primaryimage\",\"url\":\"https:\/\/mdn.marmot-cloud.com\/worldfirst\/sites\/47\/2025\/02\/20250226063502533.png\",\"contentUrl\":\"https:\/\/mdn.marmot-cloud.com\/worldfirst\/sites\/47\/2025\/02\/20250226063502533.png\",\"width\":1360,\"height\":1360},{\"@type\":\"BreadcrumbList\",\"@id\":\"https:\/\/www.worldfirst.com\/tr\/blog\/global-business\/#breadcrumb\",\"itemListElement\":[{\"@type\":\"ListItem\",\"position\":1,\"name\":\"Home\",\"item\":\"https:\/\/www.worldfirst.com\/tr\/\"},{\"@type\":\"ListItem\",\"position\":2,\"name\":\"WorldFirst&#8217;ten i\u00e7g\u00f6r\u00fcler\",\"item\":\"https:\/\/www.worldfirst.com\/tr\/blog\/\"},{\"@type\":\"ListItem\",\"position\":3,\"name\":\"K\u00fcresel \u0130\u015f Geni\u015fletme Rehberleri\"}]},{\"@type\":\"WebSite\",\"@id\":\"https:\/\/www.worldfirst.com\/tr\/#website\",\"url\":\"https:\/\/www.worldfirst.com\/tr\/\",\"name\":\"WorldFirst TR\",\"description\":\"\",\"publisher\":{\"@id\":\"https:\/\/www.worldfirst.com\/tr\/#organization\"},\"alternateName\":\"WorldFirst\",\"potentialAction\":[{\"@type\":\"SearchAction\",\"target\":{\"@type\":\"EntryPoint\",\"urlTemplate\":\"https:\/\/www.worldfirst.com\/tr\/?s={search_term_string}\"},\"query-input\":{\"@type\":\"PropertyValueSpecification\",\"valueRequired\":true,\"valueName\":\"search_term_string\"}}],\"inLanguage\":\"en-US\"},{\"@type\":\"Organization\",\"@id\":\"https:\/\/www.worldfirst.com\/tr\/#organization\",\"name\":\"WorldFirst TR\",\"url\":\"https:\/\/www.worldfirst.com\/tr\/\",\"logo\":{\"@type\":\"ImageObject\",\"inLanguage\":\"en-US\",\"@id\":\"https:\/\/www.worldfirst.com\/tr\/#\/schema\/logo\/image\/\",\"url\":\"https:\/\/mdn.marmot-cloud.com\/worldfirst\/sites\/47\/2023\/07\/20260312152500991.webp\",\"contentUrl\":\"https:\/\/mdn.marmot-cloud.com\/worldfirst\/sites\/47\/2023\/07\/20260312152500991.webp\",\"width\":1512,\"height\":207,\"caption\":\"WorldFirst TR\"},\"image\":{\"@id\":\"https:\/\/www.worldfirst.com\/tr\/#\/schema\/logo\/image\/\"}}]}<\/script>\n<!-- \/ Yoast SEO Premium plugin. -->","yoast_head_json":{"title":"K\u00fcresel \u0130\u015f Geni\u015fletme Rehberleri | WorldFirst TR","robots":{"index":"index","follow":"follow","max-snippet":"max-snippet:-1","max-image-preview":"max-image-preview:large","max-video-preview":"max-video-preview:-1"},"canonical":"https:\/\/www.worldfirst.com\/tr\/blog\/global-business\/","og_locale":"tr_TR","og_type":"article","og_title":"K\u00fcresel \u0130\u015f Geni\u015fletme Rehberleri","og_description":"K\u00fcresel \u0130\u015f Geni\u015fletme Rehberleri \u0130\u015finizi yeni pazarlara geni\u015fletin ve kapsaml\u0131 rehberlerimizle uluslararas\u0131 geni\u015flemeyi nas\u0131l ba\u015far\u0131ya d\u00f6n\u00fc\u015ft\u00fcrebilece\u011finizi ke\u015ffedin. WorldFirst&#8217;ten i\u015f deste\u011fi Pazar yerlerinden \u00f6deme al\u0131n Forward contracts 1688 tedarik\u00e7ilerine \u00f6deme yap\u0131n Xero integration Businesses trust WorldFirst Almost 1,000,000 businesses have sent USD$150B around the world with WorldFirst and its partner brands since 2004 Your money is [&hellip;]","og_url":"https:\/\/www.worldfirst.com\/tr\/blog\/global-business\/","og_site_name":"WorldFirst TR","article_modified_time":"2025-05-23T09:38:13+00:00","og_image":[{"width":1360,"height":1360,"url":"https:\/\/mdn.marmot-cloud.com\/worldfirst\/sites\/47\/2025\/02\/20250226063502533.png","type":"image\/png"}],"twitter_card":"summary_large_image","twitter_misc":{"Est. reading time":"1 minute"},"schema":{"@context":"https:\/\/schema.org","@graph":[{"@type":"WebPage","@id":"https:\/\/www.worldfirst.com\/tr\/blog\/global-business\/","url":"https:\/\/www.worldfirst.com\/tr\/blog\/global-business\/","name":"K\u00fcresel \u0130\u015f Geni\u015fletme Rehberleri | WorldFirst TR","isPartOf":{"@id":"https:\/\/www.worldfirst.com\/tr\/#website"},"primaryImageOfPage":{"@id":"https:\/\/www.worldfirst.com\/tr\/blog\/global-business\/#primaryimage"},"image":{"@id":"https:\/\/www.worldfirst.com\/tr\/blog\/global-business\/#primaryimage"},"thumbnailUrl":"https:\/\/mdn.marmot-cloud.com\/worldfirst\/sites\/47\/2025\/02\/20250226063502533.png","datePublished":"2025-05-23T08:51:35+00:00","dateModified":"2025-05-23T09:38:13+00:00","breadcrumb":{"@id":"https:\/\/www.worldfirst.com\/tr\/blog\/global-business\/#breadcrumb"},"inLanguage":"en-US","potentialAction":[{"@type":"ReadAction","target":["https:\/\/www.worldfirst.com\/tr\/blog\/global-business\/"]}]},{"@type":"ImageObject","inLanguage":"en-US","@id":"https:\/\/www.worldfirst.com\/tr\/blog\/global-business\/#primaryimage","url":"https:\/\/mdn.marmot-cloud.com\/worldfirst\/sites\/47\/2025\/02\/20250226063502533.png","contentUrl":"https:\/\/mdn.marmot-cloud.com\/worldfirst\/sites\/47\/2025\/02\/20250226063502533.png","width":1360,"height":1360},{"@type":"BreadcrumbList","@id":"https:\/\/www.worldfirst.com\/tr\/blog\/global-business\/#breadcrumb","itemListElement":[{"@type":"ListItem","position":1,"name":"Home","item":"https:\/\/www.worldfirst.com\/tr\/"},{"@type":"ListItem","position":2,"name":"WorldFirst&#8217;ten i\u00e7g\u00f6r\u00fcler","item":"https:\/\/www.worldfirst.com\/tr\/blog\/"},{"@type":"ListItem","position":3,"name":"K\u00fcresel \u0130\u015f Geni\u015fletme Rehberleri"}]},{"@type":"WebSite","@id":"https:\/\/www.worldfirst.com\/tr\/#website","url":"https:\/\/www.worldfirst.com\/tr\/","name":"WorldFirst TR","description":"","publisher":{"@id":"https:\/\/www.worldfirst.com\/tr\/#organization"},"alternateName":"WorldFirst","potentialAction":[{"@type":"SearchAction","target":{"@type":"EntryPoint","urlTemplate":"https:\/\/www.worldfirst.com\/tr\/?s={search_term_string}"},"query-input":{"@type":"PropertyValueSpecification","valueRequired":true,"valueName":"search_term_string"}}],"inLanguage":"en-US"},{"@type":"Organization","@id":"https:\/\/www.worldfirst.com\/tr\/#organization","name":"WorldFirst TR","url":"https:\/\/www.worldfirst.com\/tr\/","logo":{"@type":"ImageObject","inLanguage":"en-US","@id":"https:\/\/www.worldfirst.com\/tr\/#\/schema\/logo\/image\/","url":"https:\/\/mdn.marmot-cloud.com\/worldfirst\/sites\/47\/2023\/07\/20260312152500991.webp","contentUrl":"https:\/\/mdn.marmot-cloud.com\/worldfirst\/sites\/47\/2023\/07\/20260312152500991.webp","width":1512,"height":207,"caption":"WorldFirst TR"},"image":{"@id":"https:\/\/www.worldfirst.com\/tr\/#\/schema\/logo\/image\/"}}]}},"_links":{"self":[{"href":"https:\/\/www.worldfirst.com\/tr\/wp-json\/wp\/v2\/pages\/42752"}],"collection":[{"href":"https:\/\/www.worldfirst.com\/tr\/wp-json\/wp\/v2\/pages"}],"about":[{"href":"https:\/\/www.worldfirst.com\/tr\/wp-json\/wp\/v2\/types\/page"}],"author":[{"embeddable":true,"href":"https:\/\/www.worldfirst.com\/tr\/wp-json\/wp\/v2\/users\/74"}],"replies":[{"embeddable":true,"href":"https:\/\/www.worldfirst.com\/tr\/wp-json\/wp\/v2\/comments?post=42752"}],"version-history":[{"count":10,"href":"https:\/\/www.worldfirst.com\/tr\/wp-json\/wp\/v2\/pages\/42752\/revisions"}],"predecessor-version":[{"id":42777,"href":"https:\/\/www.worldfirst.com\/tr\/wp-json\/wp\/v2\/pages\/42752\/revisions\/42777"}],"up":[{"embeddable":true,"href":"https:\/\/www.worldfirst.com\/tr\/wp-json\/wp\/v2\/pages\/31729"}],"wp:featuredmedia":[{"embeddable":true,"href":"https:\/\/www.worldfirst.com\/tr\/wp-json\/wp\/v2\/media\/41367"}],"wp:attachment":[{"href":"https:\/\/www.worldfirst.com\/tr\/wp-json\/wp\/v2\/media?parent=42752"}],"curies":[{"name":"wp","href":"https:\/\/api.w.org\/{rel}","templated":true}]}}