{"id":43632,"date":"2025-09-02T07:12:57","date_gmt":"2025-09-02T07:12:57","guid":{"rendered":"https:\/\/www.worldfirst.com\/latam\/?page_id=43632"},"modified":"2025-11-04T02:35:36","modified_gmt":"2025-11-04T02:35:36","slug":"contact-us","status":"publish","type":"page","link":"https:\/\/www.worldfirst.com\/latam\/help-support\/contact-us\/","title":{"rendered":"Contact Us"},"content":{"rendered":"\t\t<div data-elementor-type=\"wp-page\" data-elementor-id=\"43632\" class=\"elementor elementor-43632\" data-elementor-post-type=\"page\">\n\t\t\t\t\t\t<section class=\"elementor-section elementor-top-section elementor-element elementor-element-d8172bc elementor-section-content-middle elementor-reverse-mobile elementor-section-boxed elementor-section-height-default elementor-section-height-default\" data-id=\"d8172bc\" data-element_type=\"section\">\n\t\t\t\t\t\t<div class=\"elementor-container elementor-column-gap-default\">\n\t\t\t\t\t<div class=\"elementor-column elementor-col-50 elementor-top-column elementor-element elementor-element-33c1fe53\" data-id=\"33c1fe53\" data-element_type=\"column\">\n\t\t\t<div class=\"elementor-widget-wrap elementor-element-populated\">\n\t\t\t\t\t\t<div class=\"elementor-element elementor-element-1a04ae94 elementor-widget-tablet__width-initial elementor-widget-mobile__width-inherit elementor-widget elementor-widget-heading\" data-id=\"1a04ae94\" data-element_type=\"widget\" data-widget_type=\"heading.default\">\n\t\t\t\t<div class=\"elementor-widget-container\">\n\t\t\t<style>\/*! elementor - v3.23.0 - 15-07-2024 *\/\n.elementor-heading-title{padding:0;margin:0;line-height:1}.elementor-widget-heading .elementor-heading-title[class*=elementor-size-]>a{color:inherit;font-size:inherit;line-height:inherit}.elementor-widget-heading .elementor-heading-title.elementor-size-small{font-size:15px}.elementor-widget-heading .elementor-heading-title.elementor-size-medium{font-size:19px}.elementor-widget-heading .elementor-heading-title.elementor-size-large{font-size:29px}.elementor-widget-heading .elementor-heading-title.elementor-size-xl{font-size:39px}.elementor-widget-heading .elementor-heading-title.elementor-size-xxl{font-size:59px}<\/style><h1 class=\"elementor-heading-title elementor-size-default\">Ayuda y soporte<\/h1>\t\t<\/div>\n\t\t\t\t<\/div>\n\t\t\t\t<div class=\"elementor-element elementor-element-750e484 partners-description elementor-widget__width-initial elementor-widget-tablet__width-initial elementor-widget elementor-widget-text-editor\" data-id=\"750e484\" data-element_type=\"widget\" data-widget_type=\"text-editor.default\">\n\t\t\t\t<div class=\"elementor-widget-container\">\n\t\t\t<style>\/*! elementor - v3.23.0 - 15-07-2024 *\/\n.elementor-widget-text-editor.elementor-drop-cap-view-stacked .elementor-drop-cap{background-color:#69727d;color:#fff}.elementor-widget-text-editor.elementor-drop-cap-view-framed .elementor-drop-cap{color:#69727d;border:3px solid;background-color:transparent}.elementor-widget-text-editor:not(.elementor-drop-cap-view-default) .elementor-drop-cap{margin-top:8px}.elementor-widget-text-editor:not(.elementor-drop-cap-view-default) .elementor-drop-cap-letter{width:1em;height:1em}.elementor-widget-text-editor .elementor-drop-cap{float:left;text-align:center;line-height:1;font-size:50px}.elementor-widget-text-editor .elementor-drop-cap-letter{display:inline-block}<\/style>\t\t\t\t<p class=\"p1\"><strong>Consulta de cuenta existente:<\/strong><\/p>\t\t\t\t\t\t<\/div>\n\t\t\t\t<\/div>\n\t\t\t\t<div class=\"elementor-element elementor-element-6d8f5d53 elementor-icon-list--layout-traditional elementor-list-item-link-full_width elementor-widget elementor-widget-icon-list\" data-id=\"6d8f5d53\" data-element_type=\"widget\" data-widget_type=\"icon-list.default\">\n\t\t\t\t<div class=\"elementor-widget-container\">\n\t\t\t<link rel=\"stylesheet\" href=\"https:\/\/www.worldfirst.com\/app3\/plugins\/elementor\/assets\/css\/widget-icon-list.min.css\">\t\t<ul class=\"elementor-icon-list-items\">\n\t\t\t\t\t\t\t<li class=\"elementor-icon-list-item\">\n\t\t\t\t\t\t\t\t\t\t\t<span class=\"elementor-icon-list-icon\">\n\t\t\t\t\t\t\t<i aria-hidden=\"true\" class=\"icon icon-phone\"><\/i>\t\t\t\t\t\t<\/span>\n\t\t\t\t\t\t\t\t\t\t<span class=\"elementor-icon-list-text\">L\u00ednea directa\uff1a+1 (424) 293-3003<\/span>\n\t\t\t\t\t\t\t\t\t<\/li>\n\t\t\t\t\t\t<\/ul>\n\t\t\t\t<\/div>\n\t\t\t\t<\/div>\n\t\t\t\t<div class=\"elementor-element elementor-element-3c2df23 elementor-icon-list--layout-traditional elementor-list-item-link-full_width elementor-widget elementor-widget-icon-list\" data-id=\"3c2df23\" data-element_type=\"widget\" data-widget_type=\"icon-list.default\">\n\t\t\t\t<div class=\"elementor-widget-container\">\n\t\t\t\t\t<ul class=\"elementor-icon-list-items\">\n\t\t\t\t\t\t\t<li class=\"elementor-icon-list-item\">\n\t\t\t\t\t\t\t\t\t\t\t<span class=\"elementor-icon-list-icon\">\n\t\t\t\t\t\t\t<i aria-hidden=\"true\" class=\"icon icon-email\"><\/i>\t\t\t\t\t\t<\/span>\n\t\t\t\t\t\t\t\t\t\t<span class=\"elementor-icon-list-text\">Correo electr\u00f3nico: latamclients@service.worldfirst.com<\/span>\n\t\t\t\t\t\t\t\t\t<\/li>\n\t\t\t\t\t\t<\/ul>\n\t\t\t\t<\/div>\n\t\t\t\t<\/div>\n\t\t\t\t<div class=\"elementor-element elementor-element-8267f6d partners-description elementor-widget__width-inherit elementor-widget-tablet__width-initial elementor-widget elementor-widget-text-editor\" data-id=\"8267f6d\" data-element_type=\"widget\" data-widget_type=\"text-editor.default\">\n\t\t\t\t<div class=\"elementor-widget-container\">\n\t\t\t\t\t\t\t<p class=\"p1\">Horario: Lunes a viernes, de 9:00 a.m. a 6:00 p.m., hora del centro de EE. UU.<\/p>\t\t\t\t\t\t<\/div>\n\t\t\t\t<\/div>\n\t\t\t\t<div class=\"elementor-element elementor-element-8ca4dbb partners-description elementor-widget__width-initial elementor-widget-tablet__width-initial elementor-widget elementor-widget-text-editor\" data-id=\"8ca4dbb\" data-element_type=\"widget\" data-widget_type=\"text-editor.default\">\n\t\t\t\t<div class=\"elementor-widget-container\">\n\t\t\t\t\t\t\t<p class=\"p1\"><strong>Consulta de nueva cuenta:<\/strong><\/p>\t\t\t\t\t\t<\/div>\n\t\t\t\t<\/div>\n\t\t\t\t<div class=\"elementor-element elementor-element-04c6039 elementor-icon-list--layout-traditional elementor-list-item-link-full_width elementor-widget elementor-widget-icon-list\" data-id=\"04c6039\" data-element_type=\"widget\" data-widget_type=\"icon-list.default\">\n\t\t\t\t<div class=\"elementor-widget-container\">\n\t\t\t\t\t<ul class=\"elementor-icon-list-items\">\n\t\t\t\t\t\t\t<li class=\"elementor-icon-list-item\">\n\t\t\t\t\t\t\t\t\t\t\t<span class=\"elementor-icon-list-icon\">\n\t\t\t\t\t\t\t<i aria-hidden=\"true\" class=\"icon icon-whatsapp-2\"><\/i>\t\t\t\t\t\t<\/span>\n\t\t\t\t\t\t\t\t\t\t<span class=\"elementor-icon-list-text\">WhatsApp: +65 80132803<\/span>\n\t\t\t\t\t\t\t\t\t<\/li>\n\t\t\t\t\t\t<\/ul>\n\t\t\t\t<\/div>\n\t\t\t\t<\/div>\n\t\t\t\t<div class=\"elementor-element elementor-element-03b7bcb elementor-icon-list--layout-traditional elementor-list-item-link-full_width elementor-widget elementor-widget-icon-list\" data-id=\"03b7bcb\" data-element_type=\"widget\" data-widget_type=\"icon-list.default\">\n\t\t\t\t<div class=\"elementor-widget-container\">\n\t\t\t\t\t<ul class=\"elementor-icon-list-items\">\n\t\t\t\t\t\t\t<li class=\"elementor-icon-list-item\">\n\t\t\t\t\t\t\t\t\t\t\t<span class=\"elementor-icon-list-icon\">\n\t\t\t\t\t\t\t<i aria-hidden=\"true\" class=\"icon icon-email\"><\/i>\t\t\t\t\t\t<\/span>\n\t\t\t\t\t\t\t\t\t\t<span class=\"elementor-icon-list-text\">Correo electr\u00f3nico: Jimena.Mai@worldfirst.com<\/span>\n\t\t\t\t\t\t\t\t\t<\/li>\n\t\t\t\t\t\t<\/ul>\n\t\t\t\t<\/div>\n\t\t\t\t<\/div>\n\t\t\t\t<div class=\"elementor-element elementor-element-a7536b5 partners-description elementor-widget__width-initial elementor-widget-tablet__width-initial elementor-widget elementor-widget-text-editor\" data-id=\"a7536b5\" data-element_type=\"widget\" data-widget_type=\"text-editor.default\">\n\t\t\t\t<div class=\"elementor-widget-container\">\n\t\t\t\t\t\t\t<p class=\"p1\">Horario: Lunes a viernes, de 9:00 a.m. a 6:00 p.m., hora de Pek\u00edn<\/p><p class=\"p1\">No hay servicio los fines de semana ni dias festivos<\/p>\t\t\t\t\t\t<\/div>\n\t\t\t\t<\/div>\n\t\t\t\t<div class=\"elementor-element elementor-element-1da0d854 elementor-align-left elementor-widget elementor-widget-button\" data-id=\"1da0d854\" data-element_type=\"widget\" data-widget_type=\"button.default\">\n\t\t\t\t<div class=\"elementor-widget-container\">\n\t\t\t\t\t<div class=\"elementor-button-wrapper\">\n\t\t\t<a class=\"elementor-button elementor-button-link elementor-size-sm\" href=\"mailto:%20latamclients@service.worldfirst.com\">\n\t\t\t\t\t\t<span class=\"elementor-button-content-wrapper\">\n\t\t\t\t\t\t\t\t\t<span class=\"elementor-button-text\">Cont\u00e1ctenos<\/span>\n\t\t\t\t\t<\/span>\n\t\t\t\t\t<\/a>\n\t\t<\/div>\n\t\t\t\t<\/div>\n\t\t\t\t<\/div>\n\t\t\t\t\t<\/div>\n\t\t<\/div>\n\t\t\t\t<div class=\"elementor-column elementor-col-50 elementor-top-column elementor-element elementor-element-175956b0\" data-id=\"175956b0\" data-element_type=\"column\">\n\t\t\t<div class=\"elementor-widget-wrap elementor-element-populated\">\n\t\t\t\t\t\t<div class=\"elementor-element elementor-element-2f3db9f2 elementor-widget__width-initial elementor-widget elementor-widget-image\" data-id=\"2f3db9f2\" data-element_type=\"widget\" data-widget_type=\"image.default\">\n\t\t\t\t<div class=\"elementor-widget-container\">\n\t\t\t<style>\/*! elementor - v3.23.0 - 15-07-2024 *\/\n.elementor-widget-image{text-align:center}.elementor-widget-image a{display:inline-block}.elementor-widget-image a img[src$=\".svg\"]{width:48px}.elementor-widget-image img{vertical-align:middle;display:inline-block}<\/style>\t\t\t\t\t\t\t\t\t\t<img decoding=\"async\" src=\"https:\/\/mdn.marmot-cloud.com\/worldfirst\/sites\/38\/2024\/07\/20240716053743804.png\" title=\"\" alt=\"\" loading=\"lazy\" \/>\t\t\t\t\t\t\t\t\t\t\t\t\t<\/div>\n\t\t\t\t<\/div>\n\t\t\t\t\t<\/div>\n\t\t<\/div>\n\t\t\t\t\t<\/div>\n\t\t<\/section>\n\t\t\t\t<\/div>\n\t\t","protected":false},"excerpt":{"rendered":"<p>Ayuda y soporte Consulta de cuenta existente: L\u00ednea directa\uff1a+1 (424) 293-3003 Correo electr\u00f3nico: latamclients@service.worldfirst.com Horario: Lunes a viernes, de 9:00 a.m. a 6:00 p.m., hora del centro de EE. UU. Consulta de nueva cuenta: WhatsApp: +65 80132803 Correo electr\u00f3nico: Jimena.Mai@worldfirst.com Horario: Lunes a viernes, de 9:00 a.m. a 6:00 p.m., hora de Pek\u00edn No hay [&hellip;]<\/p>\n","protected":false},"author":74,"featured_media":43597,"parent":9034,"menu_order":0,"comment_status":"closed","ping_status":"closed","template":"","meta":{"_acf_changed":false,"footnotes":""},"acf":[],"yoast_head":"<!-- This site is optimized with the Yoast SEO Premium plugin v24.2 (Yoast SEO v24.3) - https:\/\/yoast.com\/wordpress\/plugins\/seo\/ -->\n<title>Cont\u00e1ctenos | WorldFirst LATAM<\/title>\n<meta name=\"description\" content=\"Chat en vivo, correo electr\u00f3nico y n\u00fameros de tel\u00e9fono\" \/>\n<meta name=\"robots\" content=\"index, follow, max-snippet:-1, max-image-preview:large, max-video-preview:-1\" \/>\n<link rel=\"canonical\" href=\"https:\/\/www.worldfirst.com\/latam\/help-support\/contact-us\/\" \/>\n<meta property=\"og:locale\" content=\"es_ES\" \/>\n<meta property=\"og:type\" content=\"article\" \/>\n<meta property=\"og:title\" content=\"Cont\u00e1ctenos\" \/>\n<meta property=\"og:description\" content=\"chat en vivo, correo electr\u00f3nico y n\u00fameros de tel\u00e9fono\" \/>\n<meta property=\"og:url\" content=\"https:\/\/www.worldfirst.com\/latam\/help-support\/contact-us\/\" \/>\n<meta property=\"og:site_name\" content=\"WorldFirst LATAM\" \/>\n<meta property=\"article:modified_time\" content=\"2025-11-04T02:35:36+00:00\" \/>\n<meta property=\"og:image\" content=\"https:\/\/mdn.marmot-cloud.com\/worldfirst\/sites\/48\/2025\/06\/20250626101032200.png\" \/>\n\t<meta property=\"og:image:width\" content=\"1360\" \/>\n\t<meta property=\"og:image:height\" content=\"1360\" \/>\n\t<meta property=\"og:image:type\" content=\"image\/png\" \/>\n<meta name=\"twitter:card\" content=\"summary_large_image\" \/>\n<meta name=\"twitter:title\" content=\"Contact Us\" \/>\n<meta name=\"twitter:label1\" content=\"Est. reading time\" \/>\n\t<meta name=\"twitter:data1\" content=\"1 minute\" \/>\n<script type=\"application\/ld+json\" class=\"yoast-schema-graph\">{\"@context\":\"https:\/\/schema.org\",\"@graph\":[{\"@type\":\"WebPage\",\"@id\":\"https:\/\/www.worldfirst.com\/latam\/help-support\/contact-us\/\",\"url\":\"https:\/\/www.worldfirst.com\/latam\/help-support\/contact-us\/\",\"name\":\"Cont\u00e1ctenos | WorldFirst LATAM\",\"isPartOf\":{\"@id\":\"https:\/\/www.worldfirst.com\/latam\/#website\"},\"primaryImageOfPage\":{\"@id\":\"https:\/\/www.worldfirst.com\/latam\/help-support\/contact-us\/#primaryimage\"},\"image\":{\"@id\":\"https:\/\/www.worldfirst.com\/latam\/help-support\/contact-us\/#primaryimage\"},\"thumbnailUrl\":\"https:\/\/mdn.marmot-cloud.com\/worldfirst\/sites\/48\/2025\/06\/20250626101032200.png\",\"datePublished\":\"2025-09-02T07:12:57+00:00\",\"dateModified\":\"2025-11-04T02:35:36+00:00\",\"description\":\"Chat en vivo, correo electr\u00f3nico y n\u00fameros de tel\u00e9fono\",\"breadcrumb\":{\"@id\":\"https:\/\/www.worldfirst.com\/latam\/help-support\/contact-us\/#breadcrumb\"},\"inLanguage\":\"en-US\",\"potentialAction\":[{\"@type\":\"ReadAction\",\"target\":[\"https:\/\/www.worldfirst.com\/latam\/help-support\/contact-us\/\"]}]},{\"@type\":\"ImageObject\",\"inLanguage\":\"en-US\",\"@id\":\"https:\/\/www.worldfirst.com\/latam\/help-support\/contact-us\/#primaryimage\",\"url\":\"https:\/\/mdn.marmot-cloud.com\/worldfirst\/sites\/48\/2025\/06\/20250626101032200.png\",\"contentUrl\":\"https:\/\/mdn.marmot-cloud.com\/worldfirst\/sites\/48\/2025\/06\/20250626101032200.png\",\"width\":1360,\"height\":1360},{\"@type\":\"BreadcrumbList\",\"@id\":\"https:\/\/www.worldfirst.com\/latam\/help-support\/contact-us\/#breadcrumb\",\"itemListElement\":[{\"@type\":\"ListItem\",\"position\":1,\"name\":\"Home\",\"item\":\"https:\/\/www.worldfirst.com\/latam\/\"},{\"@type\":\"ListItem\",\"position\":2,\"name\":\"Help and Support\",\"item\":\"https:\/\/www.worldfirst.com\/latam\/help-support\/\"},{\"@type\":\"ListItem\",\"position\":3,\"name\":\"Contact Us\"}]},{\"@type\":\"WebSite\",\"@id\":\"https:\/\/www.worldfirst.com\/latam\/#website\",\"url\":\"https:\/\/www.worldfirst.com\/latam\/\",\"name\":\"WorldFirst LATAM\",\"description\":\"\",\"publisher\":{\"@id\":\"https:\/\/www.worldfirst.com\/latam\/#organization\"},\"alternateName\":\"WorldFirst\",\"potentialAction\":[{\"@type\":\"SearchAction\",\"target\":{\"@type\":\"EntryPoint\",\"urlTemplate\":\"https:\/\/www.worldfirst.com\/latam\/?s={search_term_string}\"},\"query-input\":{\"@type\":\"PropertyValueSpecification\",\"valueRequired\":true,\"valueName\":\"search_term_string\"}}],\"inLanguage\":\"en-US\"},{\"@type\":\"Organization\",\"@id\":\"https:\/\/www.worldfirst.com\/latam\/#organization\",\"name\":\"WorldFirst LATAM\",\"url\":\"https:\/\/www.worldfirst.com\/latam\/\",\"logo\":{\"@type\":\"ImageObject\",\"inLanguage\":\"en-US\",\"@id\":\"https:\/\/www.worldfirst.com\/latam\/#\/schema\/logo\/image\/\",\"url\":\"https:\/\/mdn.marmot-cloud.com\/worldfirst\/sites\/48\/2023\/07\/20260407112507432.webp\",\"contentUrl\":\"https:\/\/mdn.marmot-cloud.com\/worldfirst\/sites\/48\/2023\/07\/20260407112507432.webp\",\"width\":1512,\"height\":207,\"caption\":\"WorldFirst LATAM\"},\"image\":{\"@id\":\"https:\/\/www.worldfirst.com\/latam\/#\/schema\/logo\/image\/\"}}]}<\/script>\n<!-- \/ Yoast SEO Premium plugin. -->","yoast_head_json":{"title":"Cont\u00e1ctenos | WorldFirst LATAM","description":"Chat en vivo, correo electr\u00f3nico y n\u00fameros de tel\u00e9fono","robots":{"index":"index","follow":"follow","max-snippet":"max-snippet:-1","max-image-preview":"max-image-preview:large","max-video-preview":"max-video-preview:-1"},"canonical":"https:\/\/www.worldfirst.com\/latam\/help-support\/contact-us\/","og_locale":"es_ES","og_type":"article","og_title":"Cont\u00e1ctenos","og_description":"chat en vivo, correo electr\u00f3nico y n\u00fameros de tel\u00e9fono","og_url":"https:\/\/www.worldfirst.com\/latam\/help-support\/contact-us\/","og_site_name":"WorldFirst LATAM","article_modified_time":"2025-11-04T02:35:36+00:00","og_image":[{"width":1360,"height":1360,"url":"https:\/\/mdn.marmot-cloud.com\/worldfirst\/sites\/48\/2025\/06\/20250626101032200.png","type":"image\/png"}],"twitter_card":"summary_large_image","twitter_title":"Contact Us","twitter_misc":{"Est. reading time":"1 minute"},"schema":{"@context":"https:\/\/schema.org","@graph":[{"@type":"WebPage","@id":"https:\/\/www.worldfirst.com\/latam\/help-support\/contact-us\/","url":"https:\/\/www.worldfirst.com\/latam\/help-support\/contact-us\/","name":"Cont\u00e1ctenos | WorldFirst LATAM","isPartOf":{"@id":"https:\/\/www.worldfirst.com\/latam\/#website"},"primaryImageOfPage":{"@id":"https:\/\/www.worldfirst.com\/latam\/help-support\/contact-us\/#primaryimage"},"image":{"@id":"https:\/\/www.worldfirst.com\/latam\/help-support\/contact-us\/#primaryimage"},"thumbnailUrl":"https:\/\/mdn.marmot-cloud.com\/worldfirst\/sites\/48\/2025\/06\/20250626101032200.png","datePublished":"2025-09-02T07:12:57+00:00","dateModified":"2025-11-04T02:35:36+00:00","description":"Chat en vivo, correo electr\u00f3nico y n\u00fameros de tel\u00e9fono","breadcrumb":{"@id":"https:\/\/www.worldfirst.com\/latam\/help-support\/contact-us\/#breadcrumb"},"inLanguage":"en-US","potentialAction":[{"@type":"ReadAction","target":["https:\/\/www.worldfirst.com\/latam\/help-support\/contact-us\/"]}]},{"@type":"ImageObject","inLanguage":"en-US","@id":"https:\/\/www.worldfirst.com\/latam\/help-support\/contact-us\/#primaryimage","url":"https:\/\/mdn.marmot-cloud.com\/worldfirst\/sites\/48\/2025\/06\/20250626101032200.png","contentUrl":"https:\/\/mdn.marmot-cloud.com\/worldfirst\/sites\/48\/2025\/06\/20250626101032200.png","width":1360,"height":1360},{"@type":"BreadcrumbList","@id":"https:\/\/www.worldfirst.com\/latam\/help-support\/contact-us\/#breadcrumb","itemListElement":[{"@type":"ListItem","position":1,"name":"Home","item":"https:\/\/www.worldfirst.com\/latam\/"},{"@type":"ListItem","position":2,"name":"Help and Support","item":"https:\/\/www.worldfirst.com\/latam\/help-support\/"},{"@type":"ListItem","position":3,"name":"Contact Us"}]},{"@type":"WebSite","@id":"https:\/\/www.worldfirst.com\/latam\/#website","url":"https:\/\/www.worldfirst.com\/latam\/","name":"WorldFirst LATAM","description":"","publisher":{"@id":"https:\/\/www.worldfirst.com\/latam\/#organization"},"alternateName":"WorldFirst","potentialAction":[{"@type":"SearchAction","target":{"@type":"EntryPoint","urlTemplate":"https:\/\/www.worldfirst.com\/latam\/?s={search_term_string}"},"query-input":{"@type":"PropertyValueSpecification","valueRequired":true,"valueName":"search_term_string"}}],"inLanguage":"en-US"},{"@type":"Organization","@id":"https:\/\/www.worldfirst.com\/latam\/#organization","name":"WorldFirst LATAM","url":"https:\/\/www.worldfirst.com\/latam\/","logo":{"@type":"ImageObject","inLanguage":"en-US","@id":"https:\/\/www.worldfirst.com\/latam\/#\/schema\/logo\/image\/","url":"https:\/\/mdn.marmot-cloud.com\/worldfirst\/sites\/48\/2023\/07\/20260407112507432.webp","contentUrl":"https:\/\/mdn.marmot-cloud.com\/worldfirst\/sites\/48\/2023\/07\/20260407112507432.webp","width":1512,"height":207,"caption":"WorldFirst LATAM"},"image":{"@id":"https:\/\/www.worldfirst.com\/latam\/#\/schema\/logo\/image\/"}}]}},"_links":{"self":[{"href":"https:\/\/www.worldfirst.com\/latam\/wp-json\/wp\/v2\/pages\/43632"}],"collection":[{"href":"https:\/\/www.worldfirst.com\/latam\/wp-json\/wp\/v2\/pages"}],"about":[{"href":"https:\/\/www.worldfirst.com\/latam\/wp-json\/wp\/v2\/types\/page"}],"author":[{"embeddable":true,"href":"https:\/\/www.worldfirst.com\/latam\/wp-json\/wp\/v2\/users\/74"}],"replies":[{"embeddable":true,"href":"https:\/\/www.worldfirst.com\/latam\/wp-json\/wp\/v2\/comments?post=43632"}],"version-history":[{"count":48,"href":"https:\/\/www.worldfirst.com\/latam\/wp-json\/wp\/v2\/pages\/43632\/revisions"}],"predecessor-version":[{"id":44105,"href":"https:\/\/www.worldfirst.com\/latam\/wp-json\/wp\/v2\/pages\/43632\/revisions\/44105"}],"up":[{"embeddable":true,"href":"https:\/\/www.worldfirst.com\/latam\/wp-json\/wp\/v2\/pages\/9034"}],"wp:featuredmedia":[{"embeddable":true,"href":"https:\/\/www.worldfirst.com\/latam\/wp-json\/wp\/v2\/media\/43597"}],"wp:attachment":[{"href":"https:\/\/www.worldfirst.com\/latam\/wp-json\/wp\/v2\/media?parent=43632"}],"curies":[{"name":"wp","href":"https:\/\/api.w.org\/{rel}","templated":true}]}}